{"id":1041,"date":"2025-05-12T19:40:19","date_gmt":"2025-05-12T19:40:19","guid":{"rendered":"https:\/\/puertadeacanto.mx\/?page_id=1041"},"modified":"2025-05-12T19:46:48","modified_gmt":"2025-05-12T19:46:48","slug":"aviso-de-privacidad","status":"publish","type":"page","link":"https:\/\/puertadeacanto.mx\/?page_id=1041","title":{"rendered":"Aviso de Privacidad"},"content":{"rendered":"\t\t<div data-elementor-type=\"wp-page\" data-elementor-id=\"1041\" class=\"elementor elementor-1041\" data-elementor-post-type=\"page\">\n\t\t\t\t<div class=\"elementor-element elementor-element-dcd2f77 e-flex e-con-boxed wpr-particle-no wpr-jarallax-no wpr-parallax-no wpr-sticky-section-no wpr-equal-height-no e-con e-parent\" data-id=\"dcd2f77\" data-element_type=\"container\" data-e-type=\"container\">\n\t\t\t\t\t<div class=\"e-con-inner\">\n\t\t\t\t<div class=\"elementor-element elementor-element-d11b17c elementor-widget elementor-widget-heading\" data-id=\"d11b17c\" data-element_type=\"widget\" data-e-type=\"widget\" data-widget_type=\"heading.default\">\n\t\t\t\t<div class=\"elementor-widget-container\">\n\t\t\t\t\t<h2 class=\"elementor-heading-title elementor-size-default\">Aviso de Privacidad<\/h2>\t\t\t\t<\/div>\n\t\t\t\t<\/div>\n\t\t\t\t<div class=\"elementor-element elementor-element-003bea6 elementor-widget elementor-widget-text-editor\" data-id=\"003bea6\" data-element_type=\"widget\" data-e-type=\"widget\" data-widget_type=\"text-editor.default\">\n\t\t\t\t<div class=\"elementor-widget-container\">\n\t\t\t\t\t\t\t\t\t<p class=\"mb-6 text-justify text-lg font-normal text-gray-500 lg:text-xl sm:px-16 xl:px-48 light:text-gray-400 mt-4\"><strong>RESIDENCIAL ATIZAP\u00c1N S.A. DE C.V., IMPULSORA ECATEPEC S.A. DE C.V., IMPULSORA SAN BARTOLO S.A. DE C.V., DESARROLLO INMOBILIARIO AVANCE ATIZAPAN, S.A. DE C.V., CONSTRUCTORA PROFUSA, S.A. DE C.V. e INMOBILIARIA COLINAS DEL LAGO, S.A. DE C.V.,<\/strong>\u00a0identificadas conjuntamente como &#8220;GRUPO PROFUSA,&#8221; as\u00ed como sus filiales, subsidiarias y empresas pertenecientes al mismo grupo de socios (en adelante, &#8220;El Responsable&#8221; de acuerdo a la definici\u00f3n de la fracci\u00f3n XXVIII del art\u00edculo 3 de la\u00a0<strong>Ley Federal de Protecci\u00f3n de Datos Personales en Posesi\u00f3n de los Particulares<\/strong>\u00a0[LFPDPPP]), con domicilio en Luz Savi\u00f1\u00f3n n\u00famero 13, interior 204, colonia Del Valle Norte, alcald\u00eda Benito Ju\u00e1rez, Ciudad de M\u00e9xico, C.P. 03103, es responsable del tratamiento de sus\u00a0<strong>datos personales<\/strong>\u00a0conforme a lo establecido en la\u00a0<strong>LFPDPPP\u00a0<\/strong>y su Reglamento.<\/p><p class=\"mb-6 text-justify text-lg font-normal text-gray-500 lg:text-xl sm:px-16 xl:px-48 light:text-gray-400 mt-4\">Le solicitamos leer cuidadosamente el presente Aviso de Privacidad, ya que la simple aportaci\u00f3n de sus datos personales constituye la aceptaci\u00f3n de los t\u00e9rminos del presente Aviso de Privacidad.<\/p><p class=\"mb-6 text-justify text-lg font-normal text-gray-500 lg:text-xl sm:px-16 xl:px-48 light:text-gray-400 mt-4\">Le informamos que sus datos personales pueden ser recabados a trav\u00e9s de solicitudes, declaraciones y dem\u00e1s manifestaciones hechas por usted, a trav\u00e9s de medios electr\u00f3nicos, telef\u00f3nicos o impresos. Estos datos ser\u00e1n utilizados y resguardados \u00fanicamente por GRUPO PROFUSA, en una base de datos bajo la m\u00e1s estricta confidencialidad, de acuerdo con los procedimientos de seguridad que GRUPO PROFUSA ha implementado, cuyo acceso estar\u00e1 limitado a las personas f\u00edsicas y morales con las que GRUPO PROFUSA tenga relaci\u00f3n jur\u00eddica.<\/p><p class=\"mb-6 text-justify text-xl font-normal text-gray-500 lg:text-2xl sm:px-16 xl:px-48 light:text-gray-400 mt-4\"><strong>IDENTIFICACI\u00d3N DEL RESPONSABLE<\/strong><\/p><p class=\"mb-6 text-justify text-lg font-normal text-gray-500 lg:text-xl sm:px-16 xl:px-48 light:text-gray-400 mt-4\"><strong>Giro<\/strong>\u00a0Inmobiliario<\/p><p class=\"mb-6 text-justify text-lg font-normal text-gray-500 lg:text-xl sm:px-16 xl:px-48 light:text-gray-400 mt-4\"><strong>Sitio web<\/strong>\u00a0http:\/\/profusa.mx<\/p><p class=\"mb-6 text-justify text-lg font-normal text-gray-500 lg:text-xl sm:px-16 xl:px-48 light:text-gray-400 mt-4\"><strong>Tel\u00e9fono<\/strong>\u00a055 52902727<\/p><p class=\"mb-6 text-justify text-lg font-normal text-gray-500 lg:text-xl sm:px-16 xl:px-48 light:text-gray-400 mt-4\"><strong>Domicilio<\/strong>\u00a0Luz Savi\u00f1\u00f3n n\u00famero 13, interior 204, colonia Del Valle Norte, alcald\u00eda Benito Ju\u00e1rez, Ciudad de M\u00e9xico, C.P. 03103<\/p><p class=\"mb-6 text-justify text-lg font-normal text-gray-500 lg:text-xl sm:px-16 xl:px-48 light:text-gray-400 mt-4\"><strong>Correo electr\u00f3nico<\/strong>\u00a0protecciondatos@profusa.mx<\/p><p class=\"mb-6 text-justify text-lg font-normal text-gray-500 lg:text-xl sm:px-16 xl:px-48 light:text-gray-400 mt-4\"><strong>Horario de Atenci\u00f3n<\/strong>\u00a0lunes a viernes de las 9 horas a las 17 horas<\/p><p class=\"mb-6 text-justify text-xl font-normal text-gray-500 lg:text-2xl sm:px-16 xl:px-48 light:text-gray-400 mt-4\"><strong>DATOS PERSONALES RECABADOS<\/strong><\/p><p class=\"mb-6 text-justify text-lg font-normal text-gray-500 lg:text-xl sm:px-16 xl:px-48 light:text-gray-400 mt-4\">Los datos personales que recabamos de usted pueden ser de manera personal o a trav\u00e9s de un Encargado (definido en la fracci\u00f3n XV del art\u00edculo 3 de la LFPDPPP), e incluyen:<\/p><p class=\"mb-6 text-justify text-lg font-normal text-gray-500 lg:text-xl sm:px-16 xl:px-48 light:text-gray-400 mt-4\">\u00a0<\/p><ul class=\"ps-5 mt-2 space-y-2 list-disc list-inside text-lg font-normal text-gray-500 lg:text-xl sm:px-16 xl:px-48 light:text-gray-400\"><li>Datos de identificaci\u00f3n (nombre, fecha de nacimiento, nacionalidad, clave \u00fanica de poblaci\u00f3n, etc.).<\/li><li>Datos de contacto (correo electr\u00f3nico, n\u00famero telef\u00f3nico, direcci\u00f3n, lugar de trabajo).<\/li><li>Datos financieros (ingresos, n\u00famero de cuenta, CLABE interbancaria, registro federal de causantes, informaci\u00f3n de facturaci\u00f3n).<\/li><li>Datos laborales (puesto, empresa en la que labora, referencias laborales).<\/li><\/ul><p>\u00a0<\/p><p class=\"mb-6 text-justify text-lg font-normal text-gray-500 lg:text-xl sm:px-16 xl:px-48 light:text-gray-400 mt-4\">GRUPO PROFUSA no recaba datos personales sensibles, considerados como tales por la LFPDPPP, como aquellos que puedan revelar aspectos como origen racial o \u00e9tnico, estado de salud presente o futuro, informaci\u00f3n gen\u00e9tica, creencias religiosas, filos\u00f3ficas y morales, afiliaciones sindicales, opiniones pol\u00edticas, preferencias sexuales, etc.<\/p><p class=\"mb-6 text-justify text-xl font-normal text-gray-500 lg:text-2xl sm:px-16 xl:px-48 light:text-gray-400 mt-4\"><strong>FINALIDADES DEL TRATAMIENTO<\/strong><\/p><p class=\"mb-6 text-justify text-lg font-normal text-gray-500 lg:text-xl sm:px-16 xl:px-48 light:text-gray-400 mt-4\">Sus datos personales ser\u00e1n utilizados para las siguientes finalidades:<\/p><p class=\"mb-6 text-justify text-lg font-normal text-gray-500 lg:text-xl sm:px-16 xl:px-48 light:text-gray-400 mt-4\">\u00a0<\/p><ul class=\"ps-5 mt-2 space-y-2 list-disc list-inside text-gl font-normal text-gray-500 lg:text-xl sm:px-16 xl:px-48 light:text-gray-400\"><li>Brindarle los productos y servicios solicitados.<\/li><li>Procesamiento de pagos y facturaci\u00f3n.<\/li><li>Atenci\u00f3n y seguimiento a solicitudes de informaci\u00f3n.<\/li><li>Cumplimiento de obligaciones legales y contractuales.<\/li><li>Evaluaciones de calidad y satisfacci\u00f3n del servicio.<\/li><li>Env\u00edo de publicidad y promociones (en caso de otorgar su consentimiento expreso).<\/li><\/ul><p>\u00a0<\/p><p class=\"mb-6 text-justify text-xl font-normal text-gray-500 lg:text-2xl sm:px-16 xl:px-48 light:text-gray-400 mt-4\"><strong>TRANSFERENCIAS DE DATOS<\/strong><\/p><p class=\"mb-6 text-justify text-lg font-normal text-gray-500 lg:text-xl sm:px-16 xl:px-48 light:text-gray-400 mt-4\">Sus datos personales podr\u00e1n ser transferidos a terceros \u00fanicamente en los siguientes casos:<\/p><p class=\"mb-6 text-justify text-lg font-normal text-gray-500 lg:text-xl sm:px-16 xl:px-48 light:text-gray-400 mt-4\">\u00a0<\/p><ul class=\"ps-5 mt-2 space-y-2 list-disc list-inside text-lg font-normal text-gray-500 lg:text-xl sm:px-16 xl:px-48 light:text-gray-400\"><li>A autoridades competentes, cuando sea requerido por ley.<\/li><li>A proveedores que presten servicios necesarios para el cumplimiento de nuestras obligaciones (instituciones de cr\u00e9dito, INFONAVIT, notarias, etc.).<\/li><li>A instituciones bancarias para la gesti\u00f3n de pagos y reembolsos.<\/li><li>A terceros con los que tengamos acuerdos comerciales, solo con su consentimiento previo.<\/li><\/ul><p>\u00a0<\/p><p class=\"mb-6 text-justify text-xl font-normal text-gray-500 lg:text-2xl sm:px-16 xl:px-48 light:text-gray-400 mt-4\"><strong>DERECHOS ARCO (ACCESO, RECTIFICACI\u00d3N, CANCELACI\u00d3N Y OPOSICI\u00d3N)<\/strong><\/p><p class=\"mb-6 text-justify text-lg font-normal text-gray-500 lg:text-xl sm:px-16 xl:px-48 light:text-gray-400 mt-4\">Usted tiene derecho a conocer qu\u00e9 datos personales tenemos, c\u00f3mo los usamos y las condiciones del tratamiento (Acceso). Tambi\u00e9n puede solicitar la correcci\u00f3n de su informaci\u00f3n en caso de que est\u00e9 desactualizada, sea inexacta o incompleta (Rectificaci\u00f3n); solicitar que eliminemos sus datos de nuestros registros o bases de datos cuando considere que no est\u00e1n siendo utilizados adecuadamente (Cancelaci\u00f3n); as\u00ed como oponerse al uso de sus datos para fines espec\u00edficos (Oposici\u00f3n).<\/p><p class=\"mb-6 text-justify text-lg font-normal text-gray-500 lg:text-xl sm:px-16 xl:px-48 light:text-gray-400 mt-4\">Para ejercer cualquiera de sus derechos ARCO, env\u00ede una solicitud a nuestro Departamento de Protecci\u00f3n de Datos Personales al correo electr\u00f3nico:\u00a0protecciondatos@profusa.mx\u00a0con atenci\u00f3n a Oficial de Privacidad, o bien, en nuestro domicilio f\u00edsico en un horario de lunes a viernes de las 9 horas a las 17 horas. Daremos respuesta en un plazo m\u00e1ximo de 20 d\u00edas h\u00e1biles conforme a la normatividad vigente.<\/p><p class=\"mb-6 text-justify text-xl font-normal text-gray-500 lg:text-2xl sm:px-16 xl:px-48 light:text-gray-400 mt-4\"><strong>MEDIDAS DE SEGURIDAD<\/strong><\/p><p class=\"mb-6 text-justify text-lg font-normal text-gray-500 lg:text-xl sm:px-16 xl:px-48 light:text-gray-400 mt-4\">GRUPO PROFUSA implementa medidas de seguridad f\u00edsicas, administrativas y tecnol\u00f3gicas para proteger sus datos personales contra da\u00f1o, p\u00e9rdida, alteraci\u00f3n, destrucci\u00f3n o uso no autorizado.<\/p><p class=\"mb-6 text-justify text-xl font-normal text-gray-500 lg:text-2xl sm:px-16 xl:px-48 light:text-gray-400 mt-4\"><strong>USO DE COOKIES Y TECNOLOG\u00cdAS SIMILARES<\/strong><\/p><p class=\"mb-6 text-justify text-lg font-normal text-gray-500 lg:text-xl sm:px-16 xl:px-48 light:text-gray-400 mt-4\">Nuestro sitio web puede utilizar cookies para mejorar su experiencia de usuario. Usted puede configurar su navegador para rechazarlas, aunque esto podr\u00eda afectar algunas funciones del sitio.<\/p><p class=\"mb-6 text-justify text-lg font-normal text-gray-500 lg:text-xl sm:px-16 xl:px-48 light:text-gray-400 mt-4\">La protecci\u00f3n de datos personales proporcionados por usted por medio de la p\u00e1gina web de GRUPO PROFUSA no se puede garantizar totalmente. Una vez recibidos por GRUPO PROFUSA, haremos todo lo posible para salvaguardar su informaci\u00f3n.<\/p><p class=\"mb-6 text-justify text-xl font-normal text-gray-500 lg:text-2xl sm:px-16 xl:px-48 light:text-gray-400 mt-4\"><strong>CAMBIOS AL AVISO DE PRIVACIDAD<\/strong><\/p><p class=\"mb-6 text-justify text-lg font-normal text-gray-500 lg:text-xl sm:px-16 xl:px-48 light:text-gray-400 mt-4\">El presente Aviso de Privacidad puede ser modificado en cualquier momento. Los cambios ser\u00e1n publicados en nuestra p\u00e1gina web: http:\/\/profusa.mx<\/p><p class=\"mb-6 text-justify text-lg font-normal text-gray-500 lg:text-xl sm:px-16 xl:px-48 light:text-gray-400 mt-4\">Fecha de \u00faltima actualizaci\u00f3n: 08 de abril del 2025.<\/p><p class=\"mb-6 text-justify text-lg font-normal text-gray-500 lg:text-xl sm:px-16 xl:px-48 light:text-gray-400 mt-4\">Si tiene dudas o comentarios sobre este Aviso de Privacidad, puede contactarnos en:\u00a0protecciondatos@profusa.mx<\/p><p class=\"mb-6 text-justify text-xl font-normal text-gray-500 lg:text-2xl sm:px-16 xl:px-48 light:text-gray-400 mt-4\"><strong>ACEPTACI\u00d3N DEL AVISO DE PRIVACIDAD<\/strong><\/p><p class=\"mb-6 text-justify text-lg font-normal text-gray-500 lg:text-xl sm:px-16 xl:px-48 light:text-gray-400 mt-4\">Al proporcionar sus datos personales, usted reconoce haber le\u00eddo y aceptado los t\u00e9rminos de este Aviso de Privacidad.<\/p><p class=\"mb-6 text-justify text-xl font-normal text-gray-500 lg:text-2xl sm:px-16 xl:px-48 light:text-gray-400 mt-4\"><strong>AUTORIDAD COMPETENTE<\/strong><\/p><p class=\"mb-6 text-justify text-lg font-normal text-gray-500 lg:text-xl sm:px-16 xl:px-48 light:text-gray-400 mt-4\">Tras haber ejercido sus Derechos de Acceso, Rectificaci\u00f3n, Cancelaci\u00f3n u Oposici\u00f3n; Haber limitado el uso o divulgaci\u00f3n de sus datos personales, o haya revocado su consentimiento de sus datos personales, s\u00ed usted considera que hemos realizado alguna omisi\u00f3n o alguna acci\u00f3n violatoria a lo establecido en la Ley Federal de Protecci\u00f3n de Datos Personales en Posesi\u00f3n de los Particulares, le informamos que de conformidad a la Ley Federal de Protecci\u00f3n de Datos Personales en Posesi\u00f3n de los Particulares, la autoridad mexicana competente ante la cual deber\u00e1 interponer su denuncia o inconformidad es el Instituto Nacional de Transparencia, Acceso a la Informaci\u00f3n y Protecci\u00f3n de Datos Personales (INAI).<\/p>\t\t\t\t\t\t\t\t<\/div>\n\t\t\t\t<\/div>\n\t\t\t\t\t<\/div>\n\t\t\t\t<\/div>\n\t\t\t\t<\/div>\n\t\t","protected":false},"excerpt":{"rendered":"<p>Aviso de Privacidad RESIDENCIAL ATIZAP\u00c1N S.A. DE C.V., IMPULSORA ECATEPEC S.A. DE C.V., IMPULSORA SAN BARTOLO S.A. DE C.V., DESARROLLO INMOBILIARIO AVANCE ATIZAPAN, S.A. DE C.V., CONSTRUCTORA PROFUSA, S.A. DE C.V. e INMOBILIARIA COLINAS DEL LAGO, S.A. DE C.V.,\u00a0identificadas conjuntamente como &#8220;GRUPO PROFUSA,&#8221; as\u00ed como sus filiales, subsidiarias y empresas pertenecientes al mismo grupo de socios (en adelante, &#8220;El Responsable&#8221; de acuerdo a la definici\u00f3n de la fracci\u00f3n XXVIII del art\u00edculo 3 de la\u00a0Ley Federal de Protecci\u00f3n de Datos Personales en Posesi\u00f3n de los Particulares\u00a0[LFPDPPP]), con domicilio en Luz Savi\u00f1\u00f3n n\u00famero 13, interior 204, colonia Del Valle Norte, alcald\u00eda Benito Ju\u00e1rez, Ciudad de M\u00e9xico, C.P. 03103, es responsable del tratamiento de sus\u00a0datos personales\u00a0conforme a lo establecido en la\u00a0LFPDPPP\u00a0y su Reglamento. Le solicitamos leer cuidadosamente el presente Aviso de Privacidad, ya que la simple aportaci\u00f3n de sus datos personales constituye la aceptaci\u00f3n de los t\u00e9rminos del presente Aviso de Privacidad. Le informamos que sus datos personales pueden ser recabados a trav\u00e9s de solicitudes, declaraciones y dem\u00e1s manifestaciones hechas por usted, a trav\u00e9s de medios electr\u00f3nicos, telef\u00f3nicos o impresos. Estos datos ser\u00e1n utilizados y resguardados \u00fanicamente por GRUPO PROFUSA, en una base de datos bajo la m\u00e1s estricta confidencialidad, de acuerdo con los procedimientos de seguridad que GRUPO PROFUSA ha implementado, cuyo acceso estar\u00e1 limitado a las personas f\u00edsicas y morales con las que GRUPO PROFUSA tenga relaci\u00f3n jur\u00eddica. IDENTIFICACI\u00d3N DEL RESPONSABLE Giro\u00a0Inmobiliario Sitio web\u00a0http:\/\/profusa.mx Tel\u00e9fono\u00a055 52902727 Domicilio\u00a0Luz Savi\u00f1\u00f3n n\u00famero 13, interior 204, colonia Del Valle Norte, alcald\u00eda Benito Ju\u00e1rez, Ciudad de M\u00e9xico, C.P. 03103 Correo electr\u00f3nico\u00a0protecciondatos@profusa.mx Horario de Atenci\u00f3n\u00a0lunes a viernes de las 9 horas a las 17 horas DATOS PERSONALES RECABADOS Los datos personales que recabamos de usted pueden ser de manera personal o a trav\u00e9s de un Encargado (definido en la fracci\u00f3n XV del art\u00edculo 3 de la LFPDPPP), e incluyen: \u00a0 Datos de identificaci\u00f3n (nombre, fecha de nacimiento, nacionalidad, clave \u00fanica de poblaci\u00f3n, etc.). Datos de contacto (correo electr\u00f3nico, n\u00famero telef\u00f3nico, direcci\u00f3n, lugar de trabajo). Datos financieros (ingresos, n\u00famero de cuenta, CLABE interbancaria, registro federal de causantes, informaci\u00f3n de facturaci\u00f3n). Datos laborales (puesto, empresa en la que labora, referencias laborales). \u00a0 GRUPO PROFUSA no recaba datos personales sensibles, considerados como tales por la LFPDPPP, como aquellos que puedan revelar aspectos como origen racial o \u00e9tnico, estado de salud presente o futuro, informaci\u00f3n gen\u00e9tica, creencias religiosas, filos\u00f3ficas y morales, afiliaciones sindicales, opiniones pol\u00edticas, preferencias sexuales, etc. FINALIDADES DEL TRATAMIENTO Sus datos personales ser\u00e1n utilizados para las siguientes finalidades: \u00a0 Brindarle los productos y servicios solicitados. Procesamiento de pagos y facturaci\u00f3n. Atenci\u00f3n y seguimiento a solicitudes de informaci\u00f3n. Cumplimiento de obligaciones legales y contractuales. Evaluaciones de calidad y satisfacci\u00f3n del servicio. Env\u00edo de publicidad y promociones (en caso de otorgar su consentimiento expreso). \u00a0 TRANSFERENCIAS DE DATOS Sus datos personales podr\u00e1n ser transferidos a terceros \u00fanicamente en los siguientes casos: \u00a0 A autoridades competentes, cuando sea requerido por ley. A proveedores que presten servicios necesarios para el cumplimiento de nuestras obligaciones (instituciones de cr\u00e9dito, INFONAVIT, notarias, etc.). A instituciones bancarias para la gesti\u00f3n de pagos y reembolsos. A terceros con los que tengamos acuerdos comerciales, solo con su consentimiento previo. \u00a0 DERECHOS ARCO (ACCESO, RECTIFICACI\u00d3N, CANCELACI\u00d3N Y OPOSICI\u00d3N) Usted tiene derecho a conocer qu\u00e9 datos personales tenemos, c\u00f3mo los usamos y las condiciones del tratamiento (Acceso). Tambi\u00e9n puede solicitar la correcci\u00f3n de su informaci\u00f3n en caso de que est\u00e9 desactualizada, sea inexacta o incompleta (Rectificaci\u00f3n); solicitar que eliminemos sus datos de nuestros registros o bases de datos cuando considere que no est\u00e1n siendo utilizados adecuadamente (Cancelaci\u00f3n); as\u00ed como oponerse al uso de sus datos para fines espec\u00edficos (Oposici\u00f3n). Para ejercer cualquiera de sus derechos ARCO, env\u00ede una solicitud a nuestro Departamento de Protecci\u00f3n de Datos Personales al correo electr\u00f3nico:\u00a0protecciondatos@profusa.mx\u00a0con atenci\u00f3n a Oficial de Privacidad, o bien, en nuestro domicilio f\u00edsico en un horario de lunes a viernes de las 9 horas a las 17 horas. Daremos respuesta en un plazo m\u00e1ximo de 20 d\u00edas h\u00e1biles conforme a la normatividad vigente. MEDIDAS DE SEGURIDAD GRUPO PROFUSA implementa medidas de seguridad f\u00edsicas, administrativas y tecnol\u00f3gicas para proteger sus datos personales contra da\u00f1o, p\u00e9rdida, alteraci\u00f3n, destrucci\u00f3n o uso no autorizado. USO DE COOKIES Y TECNOLOG\u00cdAS SIMILARES Nuestro sitio web puede utilizar cookies para mejorar su experiencia de usuario. Usted puede configurar su navegador para rechazarlas, aunque esto podr\u00eda afectar algunas funciones del sitio. La protecci\u00f3n de datos personales proporcionados por usted por medio de la p\u00e1gina web de GRUPO PROFUSA no se puede garantizar totalmente. Una vez recibidos por GRUPO PROFUSA, haremos todo lo posible para salvaguardar su informaci\u00f3n. CAMBIOS AL AVISO DE PRIVACIDAD El presente Aviso de Privacidad puede ser modificado en cualquier momento. Los cambios ser\u00e1n publicados en nuestra p\u00e1gina web: http:\/\/profusa.mx Fecha de \u00faltima actualizaci\u00f3n: 08 de abril del 2025. Si tiene dudas o comentarios sobre este Aviso de Privacidad, puede contactarnos en:\u00a0protecciondatos@profusa.mx ACEPTACI\u00d3N DEL AVISO DE PRIVACIDAD Al proporcionar sus datos personales, usted reconoce haber le\u00eddo y aceptado los t\u00e9rminos de este Aviso de Privacidad. AUTORIDAD COMPETENTE Tras haber ejercido sus Derechos de Acceso, Rectificaci\u00f3n, Cancelaci\u00f3n u Oposici\u00f3n; Haber limitado el uso o divulgaci\u00f3n de sus datos personales, o haya revocado su consentimiento de sus datos personales, s\u00ed usted considera que hemos realizado alguna omisi\u00f3n o alguna acci\u00f3n violatoria a lo establecido en la Ley Federal de Protecci\u00f3n de Datos Personales en Posesi\u00f3n de los Particulares, le informamos que de conformidad a la Ley Federal de Protecci\u00f3n de Datos Personales en Posesi\u00f3n de los Particulares, la autoridad mexicana competente ante la cual deber\u00e1 interponer su denuncia o inconformidad es el Instituto Nacional de Transparencia, Acceso a la Informaci\u00f3n y Protecci\u00f3n de Datos Personales (INAI).<\/p>\n","protected":false},"author":2,"featured_media":0,"parent":0,"menu_order":0,"comment_status":"closed","ping_status":"closed","template":"elementor_header_footer","meta":{"footnotes":""},"class_list":["post-1041","page","type-page","status-publish","hentry"],"_links":{"self":[{"href":"https:\/\/puertadeacanto.mx\/index.php?rest_route=\/wp\/v2\/pages\/1041","targetHints":{"allow":["GET"]}}],"collection":[{"href":"https:\/\/puertadeacanto.mx\/index.php?rest_route=\/wp\/v2\/pages"}],"about":[{"href":"https:\/\/puertadeacanto.mx\/index.php?rest_route=\/wp\/v2\/types\/page"}],"author":[{"embeddable":true,"href":"https:\/\/puertadeacanto.mx\/index.php?rest_route=\/wp\/v2\/users\/2"}],"replies":[{"embeddable":true,"href":"https:\/\/puertadeacanto.mx\/index.php?rest_route=%2Fwp%2Fv2%2Fcomments&post=1041"}],"version-history":[{"count":16,"href":"https:\/\/puertadeacanto.mx\/index.php?rest_route=\/wp\/v2\/pages\/1041\/revisions"}],"predecessor-version":[{"id":1064,"href":"https:\/\/puertadeacanto.mx\/index.php?rest_route=\/wp\/v2\/pages\/1041\/revisions\/1064"}],"wp:attachment":[{"href":"https:\/\/puertadeacanto.mx\/index.php?rest_route=%2Fwp%2Fv2%2Fmedia&parent=1041"}],"curies":[{"name":"wp","href":"https:\/\/api.w.org\/{rel}","templated":true}]}}